{"id":84003,"date":"2016-02-22T12:42:52","date_gmt":"2016-02-22T11:42:52","guid":{"rendered":"http:\/\/hybrid2454.fr.ns.planethoster.net\/~pereauguste\/contact\/"},"modified":"2026-02-03T17:26:39","modified_gmt":"2026-02-03T16:26:39","slug":"contact","status":"publish","type":"page","link":"https:\/\/www.pereauguste.com\/en\/contact\/","title":{"rendered":"Information &#038; Contact"},"content":{"rendered":"<div class=\"wpb-content-wrapper\"><p>[vc_row unlock_row_content=&#8221;yes&#8221; row_height_percent=&#8221;50&#8243; override_padding=&#8221;yes&#8221; h_padding=&#8221;0&#8243; top_padding=&#8221;0&#8243; bottom_padding=&#8221;0&#8243; overlay_alpha=&#8221;50&#8243; equal_height=&#8221;yes&#8221; gutter_size=&#8221;0&#8243; column_width_percent=&#8221;100&#8243; shift_y=&#8221;0&#8243; z_index=&#8221;0&#8243;][vc_column column_width_percent=&#8221;100&#8243; gutter_size=&#8221;3&#8243; override_padding=&#8221;yes&#8221; column_padding=&#8221;0&#8243; expand_height=&#8221;yes&#8221; style=&#8221;dark&#8221; font_family=&#8221;font-762333&#8243; back_color=&#8221;color-rgdb&#8221; overlay_alpha=&#8221;50&#8243; shift_x=&#8221;0&#8243; shift_y=&#8221;0&#8243; shift_y_down=&#8221;0&#8243; z_index=&#8221;0&#8243; medium_width=&#8221;0&#8243; mobile_width=&#8221;0&#8243; width=&#8221;6\/12&#8243; mobile_height=&#8221;360&#8243; uncode_shortcode_id=&#8221;618018&#8243; back_color_type=&#8221;uncode-palette&#8221;][vc_gmaps latlon=&#8221;47.334936, 1.047268&#8243; size=&#8221;&#8221; map_color=&#8221;color-131520&#8243; ui_color=&#8221;color-131520&#8243; zoom=&#8221;8&#8243; map_saturation=&#8221;-3&#8243; map_brightness=&#8221;0&#8243; mobile_no_drag=&#8221;yes&#8221; uncode_shortcode_id=&#8221;179416&#8243; map_color_type=&#8221;uncode-palette&#8221; ui_color_type=&#8221;uncode-palette&#8221;][\/vc_column][vc_column column_width_percent=&#8221;100&#8243; align_horizontal=&#8221;align_center&#8221; gutter_size=&#8221;2&#8243; override_padding=&#8221;yes&#8221; column_padding=&#8221;3&#8243; style=&#8221;dark&#8221; back_color=&#8221;accent&#8221; overlay_color=&#8221;accent&#8221; overlay_alpha=&#8221;85&#8243; shift_x=&#8221;0&#8243; shift_y=&#8221;0&#8243; shift_y_down=&#8221;0&#8243; z_index=&#8221;0&#8243; medium_width=&#8221;0&#8243; mobile_width=&#8221;0&#8243; width=&#8221;3\/12&#8243;][vc_custom_heading heading_semantic=&#8221;h1&#8243; text_font=&#8221;font-184842&#8243; text_size=&#8221;h1&#8243; text_space=&#8221;fontspace-781688&#8243; separator=&#8221;yes&#8221;]Our contact details[\/vc_custom_heading][vc_column_text uncode_shortcode_id=&#8221;198176&#8243;]Caves du P\u00e8re Auguste<br \/>14 rue des Caves<br \/>37150 Civray de Touraine<br \/>contact@pereauguste.com<br \/>T\u00e9l. : 02 47 23 93 04[\/vc_column_text][vc_single_image media=&#8221;90391&#8243; media_width_percent=&#8221;30&#8243; alignment=&#8221;center&#8221; uncode_shortcode_id=&#8221;208648&#8243; media_link=&#8221;url:https%3A%2F%2Fwa.me%2Fmessage%2F7MCRBWO4BV7XO1&#8243;][vc_separator sep_color=&#8221;color-xsdn&#8221; uncode_shortcode_id=&#8221;213921&#8243; sep_color_type=&#8221;uncode-palette&#8221; el_width=&#8221;30%&#8221; el_height=&#8221;3px&#8221;][vc_icon icon_image=&#8221;89190&#8243; media_size=&#8221;100&#8243; uncode_shortcode_id=&#8221;205881&#8243;][\/vc_icon][vc_column_text uncode_shortcode_id=&#8221;177821&#8243;]<strong>Heavy vehicle access<\/strong>:<br \/>N47.3349 E1.0473<br \/>or 380 rue d&#8217;Amboise (=D81), 37150 Civray de Touraine.<br \/><em>Do not enter &#8220;14 rue des Caves&#8221; in the GPS otherwise you will take a street prohibited to 3.5 tonnes.<\/em>[\/vc_column_text][vc_button button_color=&#8221;color-xsdn&#8221; outline=&#8221;yes&#8221; border_width=&#8221;0&#8243; link=&#8221;url:https%3A%2F%2Fwww.pereauguste.com%2Fen%2Fcaves_pere_auguste-itineraire_pl-2%2F|title:Motorhome%20installation|target:_blank|&#8221; button_color_type=&#8221;uncode-palette&#8221; uncode_shortcode_id=&#8221;196254&#8243;]Download the explanatory file[\/vc_button][\/vc_column][vc_column column_width_percent=&#8221;100&#8243; align_horizontal=&#8221;align_center&#8221; gutter_size=&#8221;2&#8243; override_padding=&#8221;yes&#8221; column_padding=&#8221;3&#8243; style=&#8221;light&#8221; back_color=&#8221;color-gyho&#8221; overlay_alpha=&#8221;19&#8243; shift_x=&#8221;0&#8243; shift_y=&#8221;0&#8243; shift_y_down=&#8221;0&#8243; z_index=&#8221;0&#8243; medium_width=&#8221;0&#8243; mobile_width=&#8221;0&#8243; width=&#8221;3\/12&#8243;][vc_custom_heading text_font=&#8221;font-184842&#8243; text_size=&#8221;h1&#8243; text_space=&#8221;fontspace-781688&#8243; separator=&#8221;yes&#8221; separator_color=&#8221;yes&#8221;]Open hours[\/vc_custom_heading][uncode_block id=&#8221;90289&#8243; inside_column=&#8221;yes&#8221;][vc_column_text uncode_shortcode_id=&#8221;139613&#8243;]<\/p>\n<p style=\"text-align: center;\">&#8212;&#8212;<br \/>\n<em>On site, you will also find:<\/em><\/p>\n<p>[\/vc_column_text][vc_icon icon_image=&#8221;89166&#8243; media_size=&#8221;70&#8243; uncode_shortcode_id=&#8221;710741&#8243;][\/vc_icon][vc_icon icon_image=&#8221;89147&#8243; media_size=&#8221;70&#8243; uncode_shortcode_id=&#8221;164981&#8243;][\/vc_icon][vc_icon icon_image=&#8221;89176&#8243; media_size=&#8221;70&#8243; uncode_shortcode_id=&#8221;178774&#8243;][\/vc_icon][vc_single_image media=&#8221;84604&#8243; media_width_percent=&#8221;58&#8243; alignment=&#8221;center&#8221;][vc_row_inner][vc_column_inner width=&#8221;1\/4&#8243;][vc_single_image media=&#8221;90557&#8243; media_width_percent=&#8221;100&#8243; uncode_shortcode_id=&#8221;580580&#8243;][\/vc_column_inner][vc_column_inner width=&#8221;3\/4&#8243;][vc_column_text uncode_shortcode_id=&#8221;975073&#8243;]<em>Dogs are allowed in the cellars if they are clean, calm, and do not disturb other visitors. Otherwise, they must be kept on a leash outside.<\/em>[\/vc_column_text][\/vc_column_inner][\/vc_row_inner][\/vc_column][\/vc_row][vc_row row_height_percent=&#8221;0&#8243; override_padding=&#8221;yes&#8221; h_padding=&#8221;2&#8243; top_padding=&#8221;3&#8243; bottom_padding=&#8221;3&#8243; overlay_alpha=&#8221;100&#8243; gutter_size=&#8221;100&#8243; column_width_percent=&#8221;100&#8243; shift_y=&#8221;0&#8243; z_index=&#8221;0&#8243; style=&#8221;inherited&#8221;][vc_column column_width_use_pixel=&#8221;yes&#8221; align_horizontal=&#8221;align_center&#8221; gutter_size=&#8221;3&#8243; overlay_alpha=&#8221;100&#8243; shift_x=&#8221;0&#8243; shift_y=&#8221;0&#8243; shift_y_down=&#8221;0&#8243; z_index=&#8221;0&#8243; medium_width=&#8221;100&#8243; mobile_width=&#8221;0&#8243; zoom_width=&#8221;0&#8243; zoom_height=&#8221;0&#8243; width=&#8221;1\/1&#8243; column_width_pixel=&#8221;1000&#8243;][vc_row_inner row_inner_height_percent=&#8221;0&#8243; overlay_alpha=&#8221;100&#8243; gutter_size=&#8221;3&#8243; shift_y=&#8221;0&#8243; limit_content=&#8221;&#8221;][vc_column_inner column_width_use_pixel=&#8221;yes&#8221; align_horizontal=&#8221;align_center&#8221; gutter_size=&#8221;2&#8243; overlay_alpha=&#8221;100&#8243; shift_x=&#8221;0&#8243; shift_y=&#8221;0&#8243; shift_y_down=&#8221;0&#8243; z_index=&#8221;0&#8243; medium_width=&#8221;0&#8243; mobile_width=&#8221;0&#8243; zoom_width=&#8221;0&#8243; zoom_height=&#8221;0&#8243; width=&#8221;1\/1&#8243; column_width_pixel=&#8221;900&#8243;][vc_custom_heading text_size=&#8221;h1&#8243; text_space=&#8221;fontspace-781688&#8243; separator=&#8221;yes&#8221; separator_color=&#8221;yes&#8221; sub_reduced=&#8221;yes&#8221;]Write us[\/vc_custom_heading][\/vc_column_inner][\/vc_row_inner]\n<div class=\"wpcf7 no-js\" id=\"wpcf7-f31132-o1\" lang=\"en-US\" dir=\"ltr\">\n<div class=\"screen-reader-response\"><p role=\"status\" aria-live=\"polite\" aria-atomic=\"true\"><\/p> <ul><\/ul><\/div>\n<form action=\"\/en\/wp-json\/wp\/v2\/pages\/84003#wpcf7-f31132-o1\" method=\"post\" class=\"wpcf7-form init\" aria-label=\"Contact form\" novalidate=\"novalidate\" data-status=\"init\">\n<div style=\"display: none;\">\n<input type=\"hidden\" name=\"_wpcf7\" value=\"31132\" \/>\n<input type=\"hidden\" name=\"_wpcf7_version\" value=\"5.9\" \/>\n<input type=\"hidden\" name=\"_wpcf7_locale\" value=\"en_US\" \/>\n<input type=\"hidden\" name=\"_wpcf7_unit_tag\" value=\"wpcf7-f31132-o1\" \/>\n<input type=\"hidden\" name=\"_wpcf7_container_post\" value=\"0\" \/>\n<input type=\"hidden\" name=\"_wpcf7_posted_data_hash\" value=\"\" \/>\n<input type=\"hidden\" name=\"_wpcf7_recaptcha_response\" value=\"\" \/>\n<\/div>\n<p><span class=\"wpcf7-form-control-wrap\" data-name=\"your-fullname\"><input size=\"40\" class=\"wpcf7-form-control wpcf7-text wpcf7-validates-as-required form-fluid\" aria-required=\"true\" aria-invalid=\"false\" placeholder=\"Nom Pr\u00e9nom *\" value=\"\" type=\"text\" name=\"your-fullname\" \/><\/span>\n<\/p>\n<div class=\"wpcf7-inline-wrapper\">\n\t<p class=\"wpcf7-inline-field\"><span class=\"wpcf7-form-control-wrap\" data-name=\"your-email\"><input size=\"40\" class=\"wpcf7-form-control wpcf7-email wpcf7-validates-as-required wpcf7-text wpcf7-validates-as-email\" aria-required=\"true\" aria-invalid=\"false\" placeholder=\"Email *\" value=\"\" type=\"email\" name=\"your-email\" \/><\/span>\n\t<\/p>\n\t<p class=\"wpcf7-inline-field\"><span class=\"wpcf7-form-control-wrap\" data-name=\"your-telephone\"><input size=\"40\" class=\"wpcf7-form-control wpcf7-text form-fluid\" aria-invalid=\"false\" placeholder=\"T\u00e9l\u00e9phone\" value=\"\" type=\"text\" name=\"your-telephone\" \/><\/span>\n\t<\/p>\n<\/div>\n<div class=\"wpcf7-inline-wrapper\">\n\t<p class=\"wpcf7-inline-field\"><span class=\"wpcf7-form-control-wrap\" data-name=\"your-cp\"><input size=\"40\" class=\"wpcf7-form-control wpcf7-text wpcf7-validates-as-required\" aria-required=\"true\" aria-invalid=\"false\" placeholder=\"Code postal *\" value=\"\" type=\"text\" name=\"your-cp\" \/><\/span>\n\t<\/p>\n\t<p class=\"wpcf7-inline-field\"><span class=\"wpcf7-form-control-wrap\" data-name=\"your-ville\"><input size=\"40\" class=\"wpcf7-form-control wpcf7-text form-fluid\" aria-invalid=\"false\" placeholder=\"Ville\" value=\"\" type=\"text\" name=\"your-ville\" \/><\/span>\n\t<\/p>\n<\/div>\n<p><span class=\"wpcf7-form-control-wrap\" data-name=\"your-message\"><textarea cols=\"40\" rows=\"8\" class=\"wpcf7-form-control wpcf7-textarea\" aria-invalid=\"false\" placeholder=\"Votre message *\" name=\"your-message\"><\/textarea><\/span>\n<\/p>\n<p><span class=\"wpcf7-form-control-wrap\" data-name=\"checkbox-441\"><span class=\"wpcf7-form-control wpcf7-checkbox\"><span class=\"wpcf7-list-item first last\"><input type=\"checkbox\" name=\"checkbox-441[]\" value=\"Cochez la case pour recevoir un courrier pour l&#039;invitation \u00e0 la journ\u00e9e Portes Ouvertes ainsi que les tarifs en d\u00e9but d&#039;ann\u00e9e et les offres de livraisons gratuites.\" \/><span class=\"wpcf7-list-item-label\">Cochez la case pour recevoir un courrier pour l&#039;invitation \u00e0 la journ\u00e9e Portes Ouvertes ainsi que les tarifs en d\u00e9but d&#039;ann\u00e9e et les offres de livraisons gratuites.<\/span><\/span><\/span><\/span>\n<\/p>\n<p><input class=\"wpcf7-form-control wpcf7-submit has-spinner btn btn-accent btn-circle\" type=\"submit\" value=\"Envoyer\" \/>\n<\/p><input type='hidden' class='wpcf7-pum' value='{\"closepopup\":false,\"closedelay\":0,\"openpopup\":false,\"openpopup_id\":0}' \/><div class=\"wpcf7-response-output\" aria-hidden=\"true\"><\/div>\n<\/form>\n<\/div>\n[\/vc_column][\/vc_row]<\/p>\n<\/div>","protected":false},"excerpt":{"rendered":"<p>[vc_row unlock_row_content=&#8221;yes&#8221; row_height_percent=&#8221;50&#8243; override_padding=&#8221;yes&#8221; h_padding=&#8221;0&#8243; top_padding=&#8221;0&#8243; bottom_padding=&#8221;0&#8243; overlay_alpha=&#8221;50&#8243; equal_height=&#8221;yes&#8221; gutter_size=&#8221;0&#8243; column_width_percent=&#8221;100&#8243; shift_y=&#8221;0&#8243; z_index=&#8221;0&#8243;][vc_column column_width_percent=&#8221;100&#8243; gutter_size=&#8221;3&#8243; override_padding=&#8221;yes&#8221; column_padding=&#8221;0&#8243; expand_height=&#8221;yes&#8221; style=&#8221;dark&#8221; font_family=&#8221;font-762333&#8243; [&hellip;]<\/p>\n","protected":false},"author":1,"featured_media":0,"parent":0,"menu_order":0,"comment_status":"closed","ping_status":"closed","template":"","meta":{"footnotes":""},"yoast_head":"<!-- This site is optimized with the Yoast SEO plugin v22.0 - https:\/\/yoast.com\/wordpress\/plugins\/seo\/ -->\n<title>Information &amp; Contact - Les caves du P\u00e8re Auguste<\/title>\n<meta name=\"robots\" content=\"index, follow, max-snippet:-1, max-image-preview:large, max-video-preview:-1\" \/>\n<link rel=\"canonical\" href=\"https:\/\/www.pereauguste.com\/contact\/\" \/>\n<meta property=\"og:locale\" content=\"en_US\" \/>\n<meta property=\"og:type\" content=\"article\" \/>\n<meta property=\"og:title\" content=\"Information &amp; Contact - Les caves du P\u00e8re Auguste\" \/>\n<meta property=\"og:description\" content=\"[vc_row unlock_row_content=&#8221;yes&#8221; row_height_percent=&#8221;50&#8243; override_padding=&#8221;yes&#8221; h_padding=&#8221;0&#8243; top_padding=&#8221;0&#8243; bottom_padding=&#8221;0&#8243; overlay_alpha=&#8221;50&#8243; equal_height=&#8221;yes&#8221; gutter_size=&#8221;0&#8243; column_width_percent=&#8221;100&#8243; shift_y=&#8221;0&#8243; z_index=&#8221;0&#8243;][vc_column column_width_percent=&#8221;100&#8243; gutter_size=&#8221;3&#8243; override_padding=&#8221;yes&#8221; column_padding=&#8221;0&#8243; expand_height=&#8221;yes&#8221; style=&#8221;dark&#8221; font_family=&#8221;font-762333&#8243; [&hellip;]\" \/>\n<meta property=\"og:url\" content=\"https:\/\/www.pereauguste.com\/contact\/\" \/>\n<meta property=\"og:site_name\" content=\"Les caves du P\u00e8re Auguste\" \/>\n<meta property=\"article:modified_time\" content=\"2026-02-03T16:26:39+00:00\" \/>\n<meta name=\"twitter:card\" content=\"summary_large_image\" \/>\n<meta name=\"twitter:label1\" content=\"Est. reading time\" \/>\n\t<meta name=\"twitter:data1\" content=\"3 minutes\" \/>\n<script type=\"application\/ld+json\" class=\"yoast-schema-graph\">{\"@context\":\"https:\/\/schema.org\",\"@graph\":[{\"@type\":\"WebPage\",\"@id\":\"https:\/\/www.pereauguste.com\/contact\/\",\"url\":\"https:\/\/www.pereauguste.com\/contact\/\",\"name\":\"Information & Contact - Les caves du P\u00e8re Auguste\",\"isPartOf\":{\"@id\":\"https:\/\/www.pereauguste.com\/en\/#website\"},\"datePublished\":\"2016-02-22T11:42:52+00:00\",\"dateModified\":\"2026-02-03T16:26:39+00:00\",\"breadcrumb\":{\"@id\":\"https:\/\/www.pereauguste.com\/contact\/#breadcrumb\"},\"inLanguage\":\"en-US\",\"potentialAction\":[{\"@type\":\"ReadAction\",\"target\":[\"https:\/\/www.pereauguste.com\/contact\/\"]}]},{\"@type\":\"BreadcrumbList\",\"@id\":\"https:\/\/www.pereauguste.com\/contact\/#breadcrumb\",\"itemListElement\":[{\"@type\":\"ListItem\",\"position\":1,\"name\":\"Accueil\",\"item\":\"https:\/\/www.pereauguste.com\/\"},{\"@type\":\"ListItem\",\"position\":2,\"name\":\"Information &#038; Contact\"}]},{\"@type\":\"WebSite\",\"@id\":\"https:\/\/www.pereauguste.com\/en\/#website\",\"url\":\"https:\/\/www.pereauguste.com\/en\/\",\"name\":\"Les caves du P\u00e8re Auguste\",\"description\":\"Vignerons Ind\u00e9pendants depuis 1875\",\"potentialAction\":[{\"@type\":\"SearchAction\",\"target\":{\"@type\":\"EntryPoint\",\"urlTemplate\":\"https:\/\/www.pereauguste.com\/en\/?s={search_term_string}\"},\"query-input\":\"required name=search_term_string\"}],\"inLanguage\":\"en-US\"}]}<\/script>\n<!-- \/ Yoast SEO plugin. -->","yoast_head_json":{"title":"Information & Contact - Les caves du P\u00e8re Auguste","robots":{"index":"index","follow":"follow","max-snippet":"max-snippet:-1","max-image-preview":"max-image-preview:large","max-video-preview":"max-video-preview:-1"},"canonical":"https:\/\/www.pereauguste.com\/contact\/","og_locale":"en_US","og_type":"article","og_title":"Information & Contact - Les caves du P\u00e8re Auguste","og_description":"[vc_row unlock_row_content=&#8221;yes&#8221; row_height_percent=&#8221;50&#8243; override_padding=&#8221;yes&#8221; h_padding=&#8221;0&#8243; top_padding=&#8221;0&#8243; bottom_padding=&#8221;0&#8243; overlay_alpha=&#8221;50&#8243; equal_height=&#8221;yes&#8221; gutter_size=&#8221;0&#8243; column_width_percent=&#8221;100&#8243; shift_y=&#8221;0&#8243; z_index=&#8221;0&#8243;][vc_column column_width_percent=&#8221;100&#8243; gutter_size=&#8221;3&#8243; override_padding=&#8221;yes&#8221; column_padding=&#8221;0&#8243; expand_height=&#8221;yes&#8221; style=&#8221;dark&#8221; font_family=&#8221;font-762333&#8243; [&hellip;]","og_url":"https:\/\/www.pereauguste.com\/contact\/","og_site_name":"Les caves du P\u00e8re Auguste","article_modified_time":"2026-02-03T16:26:39+00:00","twitter_card":"summary_large_image","twitter_misc":{"Est. reading time":"3 minutes"},"schema":{"@context":"https:\/\/schema.org","@graph":[{"@type":"WebPage","@id":"https:\/\/www.pereauguste.com\/contact\/","url":"https:\/\/www.pereauguste.com\/contact\/","name":"Information & Contact - Les caves du P\u00e8re Auguste","isPartOf":{"@id":"https:\/\/www.pereauguste.com\/en\/#website"},"datePublished":"2016-02-22T11:42:52+00:00","dateModified":"2026-02-03T16:26:39+00:00","breadcrumb":{"@id":"https:\/\/www.pereauguste.com\/contact\/#breadcrumb"},"inLanguage":"en-US","potentialAction":[{"@type":"ReadAction","target":["https:\/\/www.pereauguste.com\/contact\/"]}]},{"@type":"BreadcrumbList","@id":"https:\/\/www.pereauguste.com\/contact\/#breadcrumb","itemListElement":[{"@type":"ListItem","position":1,"name":"Accueil","item":"https:\/\/www.pereauguste.com\/"},{"@type":"ListItem","position":2,"name":"Information &#038; Contact"}]},{"@type":"WebSite","@id":"https:\/\/www.pereauguste.com\/en\/#website","url":"https:\/\/www.pereauguste.com\/en\/","name":"Les caves du P\u00e8re Auguste","description":"Vignerons Ind\u00e9pendants depuis 1875","potentialAction":[{"@type":"SearchAction","target":{"@type":"EntryPoint","urlTemplate":"https:\/\/www.pereauguste.com\/en\/?s={search_term_string}"},"query-input":"required name=search_term_string"}],"inLanguage":"en-US"}]}},"_links":{"self":[{"href":"https:\/\/www.pereauguste.com\/en\/wp-json\/wp\/v2\/pages\/84003"}],"collection":[{"href":"https:\/\/www.pereauguste.com\/en\/wp-json\/wp\/v2\/pages"}],"about":[{"href":"https:\/\/www.pereauguste.com\/en\/wp-json\/wp\/v2\/types\/page"}],"author":[{"embeddable":true,"href":"https:\/\/www.pereauguste.com\/en\/wp-json\/wp\/v2\/users\/1"}],"replies":[{"embeddable":true,"href":"https:\/\/www.pereauguste.com\/en\/wp-json\/wp\/v2\/comments?post=84003"}],"version-history":[{"count":94,"href":"https:\/\/www.pereauguste.com\/en\/wp-json\/wp\/v2\/pages\/84003\/revisions"}],"predecessor-version":[{"id":90563,"href":"https:\/\/www.pereauguste.com\/en\/wp-json\/wp\/v2\/pages\/84003\/revisions\/90563"}],"wp:attachment":[{"href":"https:\/\/www.pereauguste.com\/en\/wp-json\/wp\/v2\/media?parent=84003"}],"curies":[{"name":"wp","href":"https:\/\/api.w.org\/{rel}","templated":true}]}}