{"id":90522,"date":"2026-01-16T12:35:10","date_gmt":"2026-01-16T11:35:10","guid":{"rendered":"https:\/\/www.pereauguste.com\/near\/"},"modified":"2026-01-16T12:35:11","modified_gmt":"2026-01-16T11:35:11","slug":"near","status":"publish","type":"page","link":"https:\/\/www.pereauguste.com\/en\/near\/","title":{"rendered":"Near"},"content":{"rendered":"<div class=\"wpb-content-wrapper\"><p>[vc_row row_height_percent=&#8221;0&#8243; overlay_alpha=&#8221;50&#8243; gutter_size=&#8221;3&#8243; column_width_percent=&#8221;100&#8243; shift_y=&#8221;0&#8243; z_index=&#8221;0&#8243;][vc_column column_width_percent=&#8221;100&#8243; align_horizontal=&#8221;align_center&#8221; gutter_size=&#8221;3&#8243; overlay_alpha=&#8221;50&#8243; shift_x=&#8221;0&#8243; shift_y=&#8221;0&#8243; shift_y_down=&#8221;0&#8243; z_index=&#8221;0&#8243; medium_width=&#8221;0&#8243; mobile_width=&#8221;0&#8243; width=&#8221;1\/1&#8243;][vc_custom_heading separator=&#8221;yes&#8221; separator_color=&#8221;yes&#8221; sub_reduced=&#8221;yes&#8221;]Where to eat?[\/vc_custom_heading][\/vc_column][\/vc_row][vc_row row_height_percent=&#8221;0&#8243; override_padding=&#8221;yes&#8221; h_padding=&#8221;2&#8243; top_padding=&#8221;1&#8243; bottom_padding=&#8221;2&#8243; overlay_alpha=&#8221;50&#8243; equal_height=&#8221;yes&#8221; gutter_size=&#8221;3&#8243; column_width_percent=&#8221;100&#8243; shift_y=&#8221;0&#8243; z_index=&#8221;0&#8243; el_class=&#8221;inverted-device-order&#8221;][vc_column column_width_percent=&#8221;100&#8243; align_horizontal=&#8221;align_center&#8221; gutter_size=&#8221;2&#8243; overlay_alpha=&#8221;50&#8243; shift_x=&#8221;0&#8243; shift_y=&#8221;0&#8243; shift_y_down=&#8221;0&#8243; z_index=&#8221;0&#8243; medium_width=&#8221;0&#8243; mobile_width=&#8221;0&#8243; css_animation=&#8221;bottom-t-top&#8221; animation_delay=&#8221;200&#8243; width=&#8221;1\/3&#8243;][vc_single_image media=&#8221;83611&#8243; media_width_percent=&#8221;100&#8243;][vc_custom_heading heading_semantic=&#8221;h3&#8243; text_size=&#8221;h4&#8243; subheading=&#8221;After your wine tasting, take your time and enjoy a picnic on site. We provide tables in the shade of the linden trees, cooled by the small river that flows right next to it.&#8221;]Picnic on site[\/vc_custom_heading][\/vc_column][vc_column column_width_percent=&#8221;100&#8243; align_horizontal=&#8221;align_center&#8221; gutter_size=&#8221;2&#8243; overlay_alpha=&#8221;50&#8243; shift_x=&#8221;0&#8243; shift_y=&#8221;0&#8243; shift_y_down=&#8221;0&#8243; z_index=&#8221;0&#8243; medium_width=&#8221;0&#8243; mobile_width=&#8221;0&#8243; css_animation=&#8221;bottom-t-top&#8221; animation_delay=&#8221;300&#8243; width=&#8221;1\/3&#8243;][vc_single_image media=&#8221;83613&#8243; media_width_percent=&#8221;100&#8243;][vc_custom_heading heading_semantic=&#8221;h3&#8243; text_size=&#8221;h4&#8243; subheading=&#8221;The Bistrot\u2019Quai terrine bar is a place for eating and relaxing located in the garden of the lock house in Civray-de-Touraine.&#8221;]Le Petit Patrimoine &#8211; Tours[\/vc_custom_heading][\/vc_column][vc_column column_width_percent=&#8221;100&#8243; align_horizontal=&#8221;align_center&#8221; gutter_size=&#8221;2&#8243; overlay_alpha=&#8221;50&#8243; shift_x=&#8221;0&#8243; shift_y=&#8221;0&#8243; shift_y_down=&#8221;0&#8243; z_index=&#8221;0&#8243; medium_width=&#8221;0&#8243; mobile_width=&#8221;0&#8243; css_animation=&#8221;bottom-t-top&#8221; animation_delay=&#8221;400&#8243; width=&#8221;1\/3&#8243;][vc_single_image media=&#8221;83609&#8243; media_width_percent=&#8221;100&#8243;][vc_custom_heading heading_semantic=&#8221;h3&#8243; text_size=&#8221;h4&#8243; text_space=&#8221;fontspace-781688&#8243; subheading=&#8221;Since 1975, the family restaurant Au G\u00e2teau Breton has been located in Chenonceaux, in the heart of the village, a 2-minute walk from the Ch\u00e2teau de Chenonceau.&#8221;]Le G\u00e2teau Breton &#8211; Chenonceaux[\/vc_custom_heading][\/vc_column][\/vc_row][vc_row row_height_percent=&#8221;0&#8243; override_padding=&#8221;yes&#8221; h_padding=&#8221;2&#8243; top_padding=&#8221;2&#8243; bottom_padding=&#8221;2&#8243; overlay_alpha=&#8221;50&#8243; equal_height=&#8221;yes&#8221; gutter_size=&#8221;3&#8243; column_width_percent=&#8221;100&#8243; shift_y=&#8221;0&#8243; z_index=&#8221;0&#8243; el_class=&#8221;inverted-device-order&#8221;][vc_column column_width_percent=&#8221;100&#8243; align_horizontal=&#8221;align_center&#8221; gutter_size=&#8221;2&#8243; overlay_alpha=&#8221;50&#8243; shift_x=&#8221;0&#8243; shift_y=&#8221;0&#8243; shift_y_down=&#8221;0&#8243; z_index=&#8221;0&#8243; medium_width=&#8221;0&#8243; mobile_width=&#8221;0&#8243; width=&#8221;1\/3&#8243;][vc_single_image media=&#8221;83605&#8243; media_width_percent=&#8221;100&#8243;][vc_custom_heading heading_semantic=&#8221;h3&#8243; text_size=&#8221;h4&#8243; subheading=&#8221;The Restaurant of the Hotel** La Br\u00e8che, orchestrated by Isabelle and J\u00e9r\u00f4me, invites you to discover traditional, gourmet and tasty cuisine.&#8221;]Le restaurant de l&#8217;h\u00f4tel &#8211; La Br\u00e8che[\/vc_custom_heading][vc_button button_color=&#8221;color-131520&#8243; outline=&#8221;yes&#8221; border_width=&#8221;0&#8243; link=&#8221;url:http%3A%2F%2Fwww.labreche-amboise.com%2F|title:More%20info|target:_blank|&#8221; button_color_type=&#8221;uncode-palette&#8221; uncode_shortcode_id=&#8221;978162&#8243;]More info[\/vc_button][\/vc_column][vc_column column_width_percent=&#8221;100&#8243; align_horizontal=&#8221;align_center&#8221; gutter_size=&#8221;2&#8243; overlay_alpha=&#8221;50&#8243; shift_x=&#8221;0&#8243; shift_y=&#8221;0&#8243; shift_y_down=&#8221;0&#8243; z_index=&#8221;0&#8243; medium_width=&#8221;0&#8243; mobile_width=&#8221;0&#8243; width=&#8221;1\/3&#8243;][vc_single_image media=&#8221;83606&#8243; media_width_percent=&#8221;100&#8243;][vc_custom_heading heading_semantic=&#8221;h3&#8243; text_size=&#8221;h4&#8243; subheading=&#8221;The Bistrot\u2019Quai terrine bar is a place for eating and relaxing located in the garden of the lock house in Civray-de-Touraine.&#8221;]Bistro Quai &#8211; Civray de Touraine[\/vc_custom_heading][vc_button button_color=&#8221;color-131520&#8243; outline=&#8221;yes&#8221; border_width=&#8221;0&#8243; link=&#8221;url:http%3A%2F%2Fwww.canoe-company.fr%2Fpresentationbistrotquai%2F|title:More%20info|target:_blank|&#8221; button_color_type=&#8221;uncode-palette&#8221; uncode_shortcode_id=&#8221;132708&#8243;]More info[\/vc_button][\/vc_column][vc_column column_width_percent=&#8221;100&#8243; align_horizontal=&#8221;align_center&#8221; gutter_size=&#8221;3&#8243; overlay_alpha=&#8221;50&#8243; shift_x=&#8221;0&#8243; shift_y=&#8221;0&#8243; shift_y_down=&#8221;0&#8243; z_index=&#8221;0&#8243; medium_width=&#8221;0&#8243; mobile_width=&#8221;0&#8243; width=&#8221;1\/3&#8243;][\/vc_column][\/vc_row][vc_row row_height_percent=&#8221;0&#8243; overlay_alpha=&#8221;50&#8243; gutter_size=&#8221;3&#8243; column_width_percent=&#8221;100&#8243; shift_y=&#8221;0&#8243; z_index=&#8221;0&#8243;][vc_column column_width_percent=&#8221;100&#8243; align_horizontal=&#8221;align_center&#8221; gutter_size=&#8221;3&#8243; overlay_alpha=&#8221;50&#8243; shift_x=&#8221;0&#8243; shift_y=&#8221;0&#8243; shift_y_down=&#8221;0&#8243; z_index=&#8221;0&#8243; medium_width=&#8221;0&#8243; mobile_width=&#8221;0&#8243; width=&#8221;1\/1&#8243;][vc_custom_heading separator=&#8221;yes&#8221; separator_color=&#8221;yes&#8221; sub_reduced=&#8221;yes&#8221;]Where to sleep?[\/vc_custom_heading][\/vc_column][\/vc_row][vc_row row_height_percent=&#8221;0&#8243; override_padding=&#8221;yes&#8221; h_padding=&#8221;2&#8243; top_padding=&#8221;1&#8243; bottom_padding=&#8221;2&#8243; overlay_alpha=&#8221;50&#8243; equal_height=&#8221;yes&#8221; gutter_size=&#8221;3&#8243; column_width_percent=&#8221;100&#8243; shift_y=&#8221;0&#8243; z_index=&#8221;0&#8243; el_class=&#8221;inverted-device-order&#8221;][vc_column column_width_percent=&#8221;100&#8243; align_horizontal=&#8221;align_center&#8221; gutter_size=&#8221;2&#8243; overlay_alpha=&#8221;50&#8243; shift_x=&#8221;0&#8243; shift_y=&#8221;0&#8243; shift_y_down=&#8221;0&#8243; z_index=&#8221;0&#8243; medium_width=&#8221;0&#8243; mobile_width=&#8221;0&#8243; width=&#8221;1\/3&#8243;][vc_single_image media=&#8221;83717&#8243; media_width_percent=&#8221;100&#8243;][vc_custom_heading heading_semantic=&#8221;h3&#8243; text_size=&#8221;h4&#8243; text_space=&#8221;fontspace-781688&#8243; subheading=&#8221;In an exceptional setting in the heart of Touraine, on the edge of forest and vineyards, the site &quot;AS TRUE AS NATURE&quot; has a resolutely ethical soul.&#8221;]Aussi Vrai Que Nature &#8211; Civray de Touraine[\/vc_custom_heading][vc_button button_color=&#8221;color-131520&#8243; outline=&#8221;yes&#8221; border_width=&#8221;0&#8243; link=&#8221;url:http%3A%2F%2Fwww.aussivraiquenature.com|title:More%20info|target:%20_blank|&#8221;]More info[\/vc_button][\/vc_column][vc_column column_width_percent=&#8221;100&#8243; align_horizontal=&#8221;align_center&#8221; gutter_size=&#8221;2&#8243; overlay_alpha=&#8221;50&#8243; shift_x=&#8221;0&#8243; shift_y=&#8221;0&#8243; shift_y_down=&#8221;0&#8243; z_index=&#8221;0&#8243; medium_width=&#8221;0&#8243; mobile_width=&#8221;0&#8243; width=&#8221;1\/3&#8243;][vc_single_image media=&#8221;83718&#8243; media_width_percent=&#8221;100&#8243;][vc_custom_heading heading_semantic=&#8221;h3&#8243; text_size=&#8221;h4&#8243; text_space=&#8221;fontspace-781688&#8243; subheading=&#8221;The River Camp campsite is located 300 meters from the canoe base and 150 meters from the lock house and the Bistrot\u2019Quai.&#8221;]Camping Le River Camp &#8211; Civray de Touraine[\/vc_custom_heading][vc_button button_color=&#8221;color-131520&#8243; outline=&#8221;yes&#8221; border_width=&#8221;0&#8243; link=&#8221;url:http%3A%2F%2Fwww.canoe-company.fr%2Fpresentationcamping%2F|title:More%20info|target:%20_blank|&#8221;]More info[\/vc_button][\/vc_column][\/vc_row][vc_row row_height_percent=&#8221;0&#8243; override_padding=&#8221;yes&#8221; h_padding=&#8221;2&#8243; top_padding=&#8221;1&#8243; bottom_padding=&#8221;2&#8243; overlay_alpha=&#8221;50&#8243; equal_height=&#8221;yes&#8221; gutter_size=&#8221;3&#8243; column_width_percent=&#8221;100&#8243; shift_y=&#8221;0&#8243; z_index=&#8221;0&#8243; el_class=&#8221;inverted-device-order&#8221;][vc_column column_width_percent=&#8221;100&#8243; align_horizontal=&#8221;align_center&#8221; gutter_size=&#8221;2&#8243; overlay_alpha=&#8221;50&#8243; shift_x=&#8221;0&#8243; shift_y=&#8221;0&#8243; shift_y_down=&#8221;0&#8243; z_index=&#8221;0&#8243; medium_width=&#8221;0&#8243; mobile_width=&#8221;0&#8243; width=&#8221;1\/3&#8243;][vc_single_image media=&#8221;83725&#8243; media_width_percent=&#8221;100&#8243;][vc_custom_heading heading_semantic=&#8221;h3&#8243; text_size=&#8221;h4&#8243; subheading=&#8221;Large g\u00eete = 33 beds. Ideal for family celebrations, stays with friends, hiking (on foot and by bike)&#8230;&#8221;]Moulin du Ligoret &#8211; Tauxigny[\/vc_custom_heading][vc_button button_color=&#8221;color-131520&#8243; outline=&#8221;yes&#8221; border_width=&#8221;0&#8243; link=&#8221;url:http%3A%2F%2Fwww.imagidee-serveur3.fr%2Flemoulindeligoret%2Findex.php|title:More%20info|target:%20_blank|&#8221;]More info[\/vc_button][\/vc_column][vc_column column_width_percent=&#8221;100&#8243; align_horizontal=&#8221;align_center&#8221; gutter_size=&#8221;2&#8243; overlay_alpha=&#8221;50&#8243; shift_x=&#8221;0&#8243; shift_y=&#8221;0&#8243; shift_y_down=&#8221;0&#8243; z_index=&#8221;0&#8243; medium_width=&#8221;0&#8243; mobile_width=&#8221;0&#8243; width=&#8221;1\/3&#8243;][vc_single_image media=&#8221;83731&#8243; media_width_percent=&#8221;100&#8243;][vc_custom_heading heading_semantic=&#8221;h3&#8243; text_size=&#8221;h4&#8243; subheading=&#8221;To stay in Civray de Touraine and enjoy wine tourism, the Caves du P\u00e8re Auguste offers you a 3-star g\u00eete de France.&#8221;]Our Guest houses &#8211; Civray de Touraine[\/vc_custom_heading][vc_button button_color=&#8221;color-131520&#8243; outline=&#8221;yes&#8221; border_width=&#8221;0&#8243; link=&#8221;url:https%3A%2F%2Fwww.gites-de-france.com%2Fen%2Fcentre-val-de-loire%2Findre-et-loire%2Fle-gite-du-pere-auguste-37g11481|title:More%20info|target:_blank|&#8221; button_color_type=&#8221;uncode-palette&#8221; uncode_shortcode_id=&#8221;170925&#8243;]More info[\/vc_button][\/vc_column][vc_column column_width_percent=&#8221;100&#8243; align_horizontal=&#8221;align_center&#8221; gutter_size=&#8221;2&#8243; overlay_alpha=&#8221;50&#8243; shift_x=&#8221;0&#8243; shift_y=&#8221;0&#8243; shift_y_down=&#8221;0&#8243; z_index=&#8221;0&#8243; medium_width=&#8221;0&#8243; mobile_width=&#8221;0&#8243; width=&#8221;1\/3&#8243;][vc_single_image media=&#8221;83733&#8243; media_width_percent=&#8221;100&#8243;][vc_custom_heading heading_semantic=&#8221;h3&#8243; text_size=&#8221;h4&#8243; subheading=&#8221;Dear motorhome friends, you can spend the night for free on our motorhome area (we have been a member of the France Passion network since 2007).&#8221;]Our motorhome area &#8211; Civray de Touraine[\/vc_custom_heading][\/vc_column][\/vc_row][vc_row][vc_column width=&#8221;1\/1&#8243;][vc_custom_heading separator=&#8221;yes&#8221; separator_color=&#8221;yes&#8221; sub_reduced=&#8221;yes&#8221; uncode_shortcode_id=&#8221;144456&#8243;]To discover[\/vc_custom_heading][\/vc_column][\/vc_row][vc_row][vc_column width=&#8221;1\/4&#8243;][vc_single_image media=&#8221;88455&#8243; media_width_percent=&#8221;100&#8243; uncode_shortcode_id=&#8221;205891&#8243;][vc_column_text uncode_shortcode_id=&#8221;185318&#8243;]Every year, the BEAUX LIEUX art trail is enriched with new works. Each of these pieces is the result of collaborations and partnerships between artists, businesses, and the children who participated in its creation.<\/p>\n<p>From the center of Beaulieu to the public garden in Loches, through the Prairies du Roy, in the narrow streets of Beaulieu, or in the &#8220;Little Gardens of Beaulieu,&#8221; the exhibition invites you on a bucolic stroll to discover its artistic journey! A trail to explore year-round, with new works installed in June and tours and activities running until October.[\/vc_column_text][\/vc_column][vc_column width=&#8221;3\/4&#8243;][vc_single_image media=&#8221;88457&#8243; media_width_percent=&#8221;100&#8243; uncode_shortcode_id=&#8221;523177&#8243;][vc_button border_width=&#8221;0&#8243; link=&#8221;url:https%3A%2F%2Fwww.expo-beauxlieux.fr%2F|target:_blank|&#8221; uncode_shortcode_id=&#8221;113514&#8243;]More information[\/vc_button][vc_button border_width=&#8221;0&#8243; link=&#8221;url:https%3A%2F%2Fwww.google.com%2Fmaps%2Fd%2Fembed%3Fmid%3D1IzFhJweKpLsK9oIE5M71E6wkWEPXAMO8%26ehbc%3D2E312F|target:_blank|&#8221; uncode_shortcode_id=&#8221;159360&#8243;]Route map[\/vc_button][\/vc_column][\/vc_row]<\/p>\n<\/div>","protected":false},"excerpt":{"rendered":"<p>[vc_row row_height_percent=&#8221;0&#8243; overlay_alpha=&#8221;50&#8243; gutter_size=&#8221;3&#8243; column_width_percent=&#8221;100&#8243; shift_y=&#8221;0&#8243; z_index=&#8221;0&#8243;][vc_column column_width_percent=&#8221;100&#8243; align_horizontal=&#8221;align_center&#8221; gutter_size=&#8221;3&#8243; overlay_alpha=&#8221;50&#8243; shift_x=&#8221;0&#8243; shift_y=&#8221;0&#8243; shift_y_down=&#8221;0&#8243; z_index=&#8221;0&#8243; medium_width=&#8221;0&#8243; mobile_width=&#8221;0&#8243; width=&#8221;1\/1&#8243;][vc_custom_heading separator=&#8221;yes&#8221; separator_color=&#8221;yes&#8221; [&hellip;]<\/p>\n","protected":false},"author":1,"featured_media":0,"parent":0,"menu_order":0,"comment_status":"closed","ping_status":"closed","template":"","meta":{"footnotes":""},"yoast_head":"<!-- This site is optimized with the Yoast SEO plugin v22.0 - https:\/\/yoast.com\/wordpress\/plugins\/seo\/ -->\n<title>Near - Les caves du P\u00e8re Auguste<\/title>\n<meta name=\"robots\" content=\"index, follow, max-snippet:-1, max-image-preview:large, max-video-preview:-1\" \/>\n<link rel=\"canonical\" href=\"https:\/\/www.pereauguste.com\/a-proximite\/\" \/>\n<meta property=\"og:locale\" content=\"en_US\" \/>\n<meta property=\"og:type\" content=\"article\" \/>\n<meta property=\"og:title\" content=\"Near - Les caves du P\u00e8re Auguste\" \/>\n<meta property=\"og:description\" content=\"[vc_row row_height_percent=&#8221;0&#8243; overlay_alpha=&#8221;50&#8243; gutter_size=&#8221;3&#8243; column_width_percent=&#8221;100&#8243; shift_y=&#8221;0&#8243; z_index=&#8221;0&#8243;][vc_column column_width_percent=&#8221;100&#8243; align_horizontal=&#8221;align_center&#8221; gutter_size=&#8221;3&#8243; overlay_alpha=&#8221;50&#8243; shift_x=&#8221;0&#8243; shift_y=&#8221;0&#8243; shift_y_down=&#8221;0&#8243; z_index=&#8221;0&#8243; medium_width=&#8221;0&#8243; mobile_width=&#8221;0&#8243; width=&#8221;1\/1&#8243;][vc_custom_heading separator=&#8221;yes&#8221; separator_color=&#8221;yes&#8221; [&hellip;]\" \/>\n<meta property=\"og:url\" content=\"https:\/\/www.pereauguste.com\/a-proximite\/\" \/>\n<meta property=\"og:site_name\" content=\"Les caves du P\u00e8re Auguste\" \/>\n<meta property=\"article:modified_time\" content=\"2026-01-16T11:35:11+00:00\" \/>\n<meta name=\"twitter:card\" content=\"summary_large_image\" \/>\n<meta name=\"twitter:label1\" content=\"Est. reading time\" \/>\n\t<meta name=\"twitter:data1\" content=\"8 minutes\" \/>\n<script type=\"application\/ld+json\" class=\"yoast-schema-graph\">{\"@context\":\"https:\/\/schema.org\",\"@graph\":[{\"@type\":\"WebPage\",\"@id\":\"https:\/\/www.pereauguste.com\/a-proximite\/\",\"url\":\"https:\/\/www.pereauguste.com\/a-proximite\/\",\"name\":\"Near - Les caves du P\u00e8re Auguste\",\"isPartOf\":{\"@id\":\"https:\/\/www.pereauguste.com\/en\/#website\"},\"datePublished\":\"2026-01-16T11:35:10+00:00\",\"dateModified\":\"2026-01-16T11:35:11+00:00\",\"breadcrumb\":{\"@id\":\"https:\/\/www.pereauguste.com\/a-proximite\/#breadcrumb\"},\"inLanguage\":\"en-US\",\"potentialAction\":[{\"@type\":\"ReadAction\",\"target\":[\"https:\/\/www.pereauguste.com\/a-proximite\/\"]}]},{\"@type\":\"BreadcrumbList\",\"@id\":\"https:\/\/www.pereauguste.com\/a-proximite\/#breadcrumb\",\"itemListElement\":[{\"@type\":\"ListItem\",\"position\":1,\"name\":\"Accueil\",\"item\":\"https:\/\/www.pereauguste.com\/\"},{\"@type\":\"ListItem\",\"position\":2,\"name\":\"Near\"}]},{\"@type\":\"WebSite\",\"@id\":\"https:\/\/www.pereauguste.com\/en\/#website\",\"url\":\"https:\/\/www.pereauguste.com\/en\/\",\"name\":\"Les caves du P\u00e8re Auguste\",\"description\":\"Vignerons Ind\u00e9pendants depuis 1875\",\"potentialAction\":[{\"@type\":\"SearchAction\",\"target\":{\"@type\":\"EntryPoint\",\"urlTemplate\":\"https:\/\/www.pereauguste.com\/en\/?s={search_term_string}\"},\"query-input\":\"required name=search_term_string\"}],\"inLanguage\":\"en-US\"}]}<\/script>\n<!-- \/ Yoast SEO plugin. -->","yoast_head_json":{"title":"Near - Les caves du P\u00e8re Auguste","robots":{"index":"index","follow":"follow","max-snippet":"max-snippet:-1","max-image-preview":"max-image-preview:large","max-video-preview":"max-video-preview:-1"},"canonical":"https:\/\/www.pereauguste.com\/a-proximite\/","og_locale":"en_US","og_type":"article","og_title":"Near - Les caves du P\u00e8re Auguste","og_description":"[vc_row row_height_percent=&#8221;0&#8243; overlay_alpha=&#8221;50&#8243; gutter_size=&#8221;3&#8243; column_width_percent=&#8221;100&#8243; shift_y=&#8221;0&#8243; z_index=&#8221;0&#8243;][vc_column column_width_percent=&#8221;100&#8243; align_horizontal=&#8221;align_center&#8221; gutter_size=&#8221;3&#8243; overlay_alpha=&#8221;50&#8243; shift_x=&#8221;0&#8243; shift_y=&#8221;0&#8243; shift_y_down=&#8221;0&#8243; z_index=&#8221;0&#8243; medium_width=&#8221;0&#8243; mobile_width=&#8221;0&#8243; width=&#8221;1\/1&#8243;][vc_custom_heading separator=&#8221;yes&#8221; separator_color=&#8221;yes&#8221; [&hellip;]","og_url":"https:\/\/www.pereauguste.com\/a-proximite\/","og_site_name":"Les caves du P\u00e8re Auguste","article_modified_time":"2026-01-16T11:35:11+00:00","twitter_card":"summary_large_image","twitter_misc":{"Est. reading time":"8 minutes"},"schema":{"@context":"https:\/\/schema.org","@graph":[{"@type":"WebPage","@id":"https:\/\/www.pereauguste.com\/a-proximite\/","url":"https:\/\/www.pereauguste.com\/a-proximite\/","name":"Near - Les caves du P\u00e8re Auguste","isPartOf":{"@id":"https:\/\/www.pereauguste.com\/en\/#website"},"datePublished":"2026-01-16T11:35:10+00:00","dateModified":"2026-01-16T11:35:11+00:00","breadcrumb":{"@id":"https:\/\/www.pereauguste.com\/a-proximite\/#breadcrumb"},"inLanguage":"en-US","potentialAction":[{"@type":"ReadAction","target":["https:\/\/www.pereauguste.com\/a-proximite\/"]}]},{"@type":"BreadcrumbList","@id":"https:\/\/www.pereauguste.com\/a-proximite\/#breadcrumb","itemListElement":[{"@type":"ListItem","position":1,"name":"Accueil","item":"https:\/\/www.pereauguste.com\/"},{"@type":"ListItem","position":2,"name":"Near"}]},{"@type":"WebSite","@id":"https:\/\/www.pereauguste.com\/en\/#website","url":"https:\/\/www.pereauguste.com\/en\/","name":"Les caves du P\u00e8re Auguste","description":"Vignerons Ind\u00e9pendants depuis 1875","potentialAction":[{"@type":"SearchAction","target":{"@type":"EntryPoint","urlTemplate":"https:\/\/www.pereauguste.com\/en\/?s={search_term_string}"},"query-input":"required name=search_term_string"}],"inLanguage":"en-US"}]}},"_links":{"self":[{"href":"https:\/\/www.pereauguste.com\/en\/wp-json\/wp\/v2\/pages\/90522"}],"collection":[{"href":"https:\/\/www.pereauguste.com\/en\/wp-json\/wp\/v2\/pages"}],"about":[{"href":"https:\/\/www.pereauguste.com\/en\/wp-json\/wp\/v2\/types\/page"}],"author":[{"embeddable":true,"href":"https:\/\/www.pereauguste.com\/en\/wp-json\/wp\/v2\/users\/1"}],"replies":[{"embeddable":true,"href":"https:\/\/www.pereauguste.com\/en\/wp-json\/wp\/v2\/comments?post=90522"}],"version-history":[{"count":4,"href":"https:\/\/www.pereauguste.com\/en\/wp-json\/wp\/v2\/pages\/90522\/revisions"}],"predecessor-version":[{"id":90526,"href":"https:\/\/www.pereauguste.com\/en\/wp-json\/wp\/v2\/pages\/90522\/revisions\/90526"}],"wp:attachment":[{"href":"https:\/\/www.pereauguste.com\/en\/wp-json\/wp\/v2\/media?parent=90522"}],"curies":[{"name":"wp","href":"https:\/\/api.w.org\/{rel}","templated":true}]}}